{"id":3378,"date":"2025-09-22T15:11:32","date_gmt":"2025-09-22T13:11:32","guid":{"rendered":"https:\/\/case-fluere.mpbr.dev\/products\/"},"modified":"2025-09-22T15:11:32","modified_gmt":"2025-09-22T13:11:32","slug":"products","status":"publish","type":"page","link":"https:\/\/case-fluere.mpbr.dev\/nl\/products\/","title":{"rendered":"Product overview"},"content":{"rendered":"\t\t<div data-elementor-type=\"wp-page\" data-elementor-id=\"3378\" class=\"elementor elementor-3378 elementor-914\" data-elementor-post-type=\"page\">\n\t\t\t\t<div class=\"elementor-element elementor-element-6cb3421 mpbrContainer e-flex e-con-boxed e-con e-parent\" data-id=\"6cb3421\" data-element_type=\"container\" data-e-type=\"container\" data-settings=\"{&quot;background_background&quot;:&quot;classic&quot;}\">\n\t\t\t\t\t<div class=\"e-con-inner\">\n\t\t<div class=\"elementor-element elementor-element-bfd90c7 e-con-full e-flex e-con e-child\" data-id=\"bfd90c7\" data-element_type=\"container\" data-e-type=\"container\">\n\t\t\t\t<div class=\"elementor-element elementor-element-c2005a2 elementor-invisible elementor-widget elementor-widget-heading\" data-id=\"c2005a2\" data-element_type=\"widget\" data-e-type=\"widget\" data-settings=\"{&quot;_animation&quot;:&quot;fadeInUp&quot;}\" data-widget_type=\"heading.default\">\n\t\t\t\t<div class=\"elementor-widget-container\">\n\t\t\t\t\t<h1 class=\"elementor-heading-title elementor-size-default\">The complete Flu\u00e8re range<\/h1>\t\t\t\t<\/div>\n\t\t\t\t<\/div>\n\t\t\t\t<\/div>\n\t\t\t\t\t<\/div>\n\t\t\t\t<\/div>\n\t\t<div class=\"elementor-element elementor-element-6a89130 mpbrContainer e-flex e-con-boxed e-con e-parent\" data-id=\"6a89130\" data-element_type=\"container\" data-e-type=\"container\">\n\t\t\t\t\t<div class=\"e-con-inner\">\n\t\t<div class=\"elementor-element elementor-element-b64b7cc e-con-full e-flex e-con e-child\" data-id=\"b64b7cc\" data-element_type=\"container\" data-e-type=\"container\" data-settings=\"{&quot;background_background&quot;:&quot;gradient&quot;}\">\n\t\t<div class=\"elementor-element elementor-element-a43d23b e-con-full e-flex e-con e-child\" data-id=\"a43d23b\" data-element_type=\"container\" data-e-type=\"container\">\n\t\t<div class=\"elementor-element elementor-element-f80d3dc e-con-full e-flex e-con e-child\" data-id=\"f80d3dc\" data-element_type=\"container\" data-e-type=\"container\">\n\t\t\t\t<div class=\"elementor-element elementor-element-bb739fc elementor-widget elementor-widget-heading\" data-id=\"bb739fc\" data-element_type=\"widget\" data-e-type=\"widget\" data-widget_type=\"heading.default\">\n\t\t\t\t<div class=\"elementor-widget-container\">\n\t\t\t\t\t<h2 class=\"elementor-heading-title elementor-size-default\">Flu\u00e8re Smoked Agave<\/h2>\t\t\t\t<\/div>\n\t\t\t\t<\/div>\n\t\t\t\t<div class=\"elementor-element elementor-element-c50cef0 elementor-widget elementor-widget-heading\" data-id=\"c50cef0\" data-element_type=\"widget\" data-e-type=\"widget\" data-widget_type=\"heading.default\">\n\t\t\t\t<div class=\"elementor-widget-container\">\n\t\t\t\t\t<span class=\"elementor-heading-title elementor-size-default\">tasting notes: <br>\nRoasted | Smoky | Earthy<\/span>\t\t\t\t<\/div>\n\t\t\t\t<\/div>\n\t\t\t\t<div class=\"elementor-element elementor-element-7c9c620 elementor-widget elementor-widget-button\" data-id=\"7c9c620\" data-element_type=\"widget\" data-e-type=\"widget\" data-widget_type=\"button.default\">\n\t\t\t\t<div class=\"elementor-widget-container\">\n\t\t\t\t\t\t\t\t\t<div class=\"elementor-button-wrapper\">\n\t\t\t\t\t<a class=\"elementor-button elementor-button-link elementor-size-sm\" href=\"https:\/\/case-fluere.mpbr.dev\/nl\/products\/smoked-agave\/\">\n\t\t\t\t\t\t<span class=\"elementor-button-content-wrapper\">\n\t\t\t\t\t\t<span class=\"elementor-button-icon\">\n\t\t\t\t<svg xmlns=\"http:\/\/www.w3.org\/2000\/svg\" width=\"30\" height=\"30\" viewBox=\"0 0 30 30\" fill=\"none\"><path d=\"M11.25 22.5L18.75 15L11.25 7.5\" stroke=\"white\" stroke-width=\"2\" stroke-linecap=\"round\" stroke-linejoin=\"round\"><\/path><\/svg>\t\t\t<\/span>\n\t\t\t\t\t\t\t\t\t<span class=\"elementor-button-text\">Explore product<\/span>\n\t\t\t\t\t<\/span>\n\t\t\t\t\t<\/a>\n\t\t\t\t<\/div>\n\t\t\t\t\t\t\t\t<\/div>\n\t\t\t\t<\/div>\n\t\t\t\t<\/div>\n\t\t<div class=\"elementor-element elementor-element-10e8eb5 e-con-full e-flex elementor-invisible e-con e-child\" data-id=\"10e8eb5\" data-element_type=\"container\" data-e-type=\"container\" data-settings=\"{&quot;animation&quot;:&quot;fadeInRight&quot;,&quot;animation_delay&quot;:150}\">\n\t\t\t\t<div class=\"elementor-element elementor-element-e5686f1 elementor-widget elementor-widget-image\" data-id=\"e5686f1\" data-element_type=\"widget\" data-e-type=\"widget\" data-widget_type=\"image.default\">\n\t\t\t\t<div class=\"elementor-widget-container\">\n\t\t\t\t\t\t\t\t\t\t\t\t\t\t\t<img fetchpriority=\"high\" decoding=\"async\" width=\"768\" height=\"1024\" src=\"https:\/\/case-fluere.mpbr.dev\/wp-content\/uploads\/Fotografie_Fluere_2020_08_0742882_HR-low-res-768x1024.png\" class=\"attachment-large size-large wp-image-2809\" alt=\"\" srcset=\"https:\/\/case-fluere.mpbr.dev\/wp-content\/uploads\/Fotografie_Fluere_2020_08_0742882_HR-low-res-768x1025.png 768w, https:\/\/case-fluere.mpbr.dev\/wp-content\/uploads\/Fotografie_Fluere_2020_08_0742882_HR-low-res-225x300.png 225w, https:\/\/case-fluere.mpbr.dev\/wp-content\/uploads\/Fotografie_Fluere_2020_08_0742882_HR-low-res.png 1024w\" sizes=\"(max-width: 768px) 100vw, 768px\" \/>\t\t\t\t\t\t\t\t\t\t\t\t\t\t\t<\/div>\n\t\t\t\t<\/div>\n\t\t\t\t<\/div>\n\t\t\t\t<\/div>\n\t\t<div class=\"elementor-element elementor-element-96bc9e4 e-con-full e-flex e-con e-child\" data-id=\"96bc9e4\" data-element_type=\"container\" data-e-type=\"container\">\n\t\t<div class=\"elementor-element elementor-element-2eb6ba2 e-con-full e-flex elementor-invisible e-con e-child\" data-id=\"2eb6ba2\" data-element_type=\"container\" data-e-type=\"container\" data-settings=\"{&quot;animation&quot;:&quot;fadeInLeft&quot;,&quot;animation_delay&quot;:150}\">\n\t\t\t\t<div class=\"elementor-element elementor-element-06173d7 elementor-widget elementor-widget-image\" data-id=\"06173d7\" data-element_type=\"widget\" data-e-type=\"widget\" data-widget_type=\"image.default\">\n\t\t\t\t<div class=\"elementor-widget-container\">\n\t\t\t\t\t\t\t\t\t\t\t\t\t\t\t<img decoding=\"async\" width=\"767\" height=\"1024\" src=\"https:\/\/case-fluere.mpbr.dev\/wp-content\/uploads\/Fotografie-Fluere-2023_05_0342920_LR-767x1024.png\" class=\"attachment-large size-large wp-image-2950\" alt=\"\" srcset=\"https:\/\/case-fluere.mpbr.dev\/wp-content\/uploads\/Fotografie-Fluere-2023_05_0342920_LR-767x1024.png 767w, https:\/\/case-fluere.mpbr.dev\/wp-content\/uploads\/Fotografie-Fluere-2023_05_0342920_LR-225x300.png 225w, https:\/\/case-fluere.mpbr.dev\/wp-content\/uploads\/Fotografie-Fluere-2023_05_0342920_LR-768x1025.png 768w, https:\/\/case-fluere.mpbr.dev\/wp-content\/uploads\/Fotografie-Fluere-2023_05_0342920_LR-1151x1536.png 1151w, https:\/\/case-fluere.mpbr.dev\/wp-content\/uploads\/Fotografie-Fluere-2023_05_0342920_LR-1535x2048.png 1535w, https:\/\/case-fluere.mpbr.dev\/wp-content\/uploads\/Fotografie-Fluere-2023_05_0342920_LR-scaled.png 1918w\" sizes=\"(max-width: 767px) 100vw, 767px\" \/>\t\t\t\t\t\t\t\t\t\t\t\t\t\t\t<\/div>\n\t\t\t\t<\/div>\n\t\t\t\t<\/div>\n\t\t<div class=\"elementor-element elementor-element-8273b15 e-con-full e-flex e-con e-child\" data-id=\"8273b15\" data-element_type=\"container\" data-e-type=\"container\">\n\t\t\t\t<div class=\"elementor-element elementor-element-4292518 elementor-widget elementor-widget-heading\" data-id=\"4292518\" data-element_type=\"widget\" data-e-type=\"widget\" data-widget_type=\"heading.default\">\n\t\t\t\t<div class=\"elementor-widget-container\">\n\t\t\t\t\t<h2 class=\"elementor-heading-title elementor-size-default\">Flu\u00e8re bitter<\/h2>\t\t\t\t<\/div>\n\t\t\t\t<\/div>\n\t\t\t\t<div class=\"elementor-element elementor-element-71bdd96 elementor-widget elementor-widget-heading\" data-id=\"71bdd96\" data-element_type=\"widget\" data-e-type=\"widget\" data-widget_type=\"heading.default\">\n\t\t\t\t<div class=\"elementor-widget-container\">\n\t\t\t\t\t<span class=\"elementor-heading-title elementor-size-default\">Tasting notes:<br>Zesty | Bitter Sweet | Herbal<\/span>\t\t\t\t<\/div>\n\t\t\t\t<\/div>\n\t\t\t\t<div class=\"elementor-element elementor-element-bf3ab51 elementor-widget elementor-widget-button\" data-id=\"bf3ab51\" data-element_type=\"widget\" data-e-type=\"widget\" data-widget_type=\"button.default\">\n\t\t\t\t<div class=\"elementor-widget-container\">\n\t\t\t\t\t\t\t\t\t<div class=\"elementor-button-wrapper\">\n\t\t\t\t\t<a class=\"elementor-button elementor-button-link elementor-size-sm\" href=\"https:\/\/case-fluere.mpbr.dev\/nl\/products\/bitter\/\">\n\t\t\t\t\t\t<span class=\"elementor-button-content-wrapper\">\n\t\t\t\t\t\t<span class=\"elementor-button-icon\">\n\t\t\t\t<svg xmlns=\"http:\/\/www.w3.org\/2000\/svg\" width=\"30\" height=\"30\" viewBox=\"0 0 30 30\" fill=\"none\"><path d=\"M11.25 22.5L18.75 15L11.25 7.5\" stroke=\"white\" stroke-width=\"2\" stroke-linecap=\"round\" stroke-linejoin=\"round\"><\/path><\/svg>\t\t\t<\/span>\n\t\t\t\t\t\t\t\t\t<span class=\"elementor-button-text\">Explore product<\/span>\n\t\t\t\t\t<\/span>\n\t\t\t\t\t<\/a>\n\t\t\t\t<\/div>\n\t\t\t\t\t\t\t\t<\/div>\n\t\t\t\t<\/div>\n\t\t\t\t<\/div>\n\t\t\t\t<\/div>\n\t\t<div class=\"elementor-element elementor-element-48eda47 e-con-full e-flex e-con e-child\" data-id=\"48eda47\" data-element_type=\"container\" data-e-type=\"container\">\n\t\t<div class=\"elementor-element elementor-element-3889366 e-con-full e-flex e-con e-child\" data-id=\"3889366\" data-element_type=\"container\" data-e-type=\"container\">\n\t\t\t\t<div class=\"elementor-element elementor-element-cb26d77 elementor-widget elementor-widget-heading\" data-id=\"cb26d77\" data-element_type=\"widget\" data-e-type=\"widget\" data-widget_type=\"heading.default\">\n\t\t\t\t<div class=\"elementor-widget-container\">\n\t\t\t\t\t<h2 class=\"elementor-heading-title elementor-size-default\">Flu\u00e8re Spiced CAne<\/h2>\t\t\t\t<\/div>\n\t\t\t\t<\/div>\n\t\t\t\t<div class=\"elementor-element elementor-element-d987aa5 elementor-widget elementor-widget-heading\" data-id=\"d987aa5\" data-element_type=\"widget\" data-e-type=\"widget\" data-widget_type=\"heading.default\">\n\t\t\t\t<div class=\"elementor-widget-container\">\n\t\t\t\t\t<span class=\"elementor-heading-title elementor-size-default\">tasting notes: <br>\nRich | Robust | Complex<\/span>\t\t\t\t<\/div>\n\t\t\t\t<\/div>\n\t\t\t\t<div class=\"elementor-element elementor-element-ef9f5ff elementor-widget elementor-widget-button\" data-id=\"ef9f5ff\" data-element_type=\"widget\" data-e-type=\"widget\" data-widget_type=\"button.default\">\n\t\t\t\t<div class=\"elementor-widget-container\">\n\t\t\t\t\t\t\t\t\t<div class=\"elementor-button-wrapper\">\n\t\t\t\t\t<a class=\"elementor-button elementor-button-link elementor-size-sm\" href=\"https:\/\/case-fluere.mpbr.dev\/nl\/products\/spiced-cane\/\">\n\t\t\t\t\t\t<span class=\"elementor-button-content-wrapper\">\n\t\t\t\t\t\t<span class=\"elementor-button-icon\">\n\t\t\t\t<svg xmlns=\"http:\/\/www.w3.org\/2000\/svg\" width=\"30\" height=\"30\" viewBox=\"0 0 30 30\" fill=\"none\"><path d=\"M11.25 22.5L18.75 15L11.25 7.5\" stroke=\"white\" stroke-width=\"2\" stroke-linecap=\"round\" stroke-linejoin=\"round\"><\/path><\/svg>\t\t\t<\/span>\n\t\t\t\t\t\t\t\t\t<span class=\"elementor-button-text\">Explore product<\/span>\n\t\t\t\t\t<\/span>\n\t\t\t\t\t<\/a>\n\t\t\t\t<\/div>\n\t\t\t\t\t\t\t\t<\/div>\n\t\t\t\t<\/div>\n\t\t\t\t<\/div>\n\t\t<div class=\"elementor-element elementor-element-3f9bba1 e-con-full e-flex elementor-invisible e-con e-child\" data-id=\"3f9bba1\" data-element_type=\"container\" data-e-type=\"container\" data-settings=\"{&quot;animation&quot;:&quot;fadeInRight&quot;,&quot;animation_delay&quot;:150}\">\n\t\t\t\t<div class=\"elementor-element elementor-element-82617ca elementor-widget elementor-widget-image\" data-id=\"82617ca\" data-element_type=\"widget\" data-e-type=\"widget\" data-widget_type=\"image.default\">\n\t\t\t\t<div class=\"elementor-widget-container\">\n\t\t\t\t\t\t\t\t\t\t\t\t\t\t\t<img decoding=\"async\" width=\"767\" height=\"1024\" src=\"https:\/\/case-fluere.mpbr.dev\/wp-content\/uploads\/Fotografie-Fluere-2023_05_0342887_LR-767x1024.png\" class=\"attachment-large size-large wp-image-2920\" alt=\"\" srcset=\"https:\/\/case-fluere.mpbr.dev\/wp-content\/uploads\/Fotografie-Fluere-2023_05_0342887_LR-767x1024.png 767w, https:\/\/case-fluere.mpbr.dev\/wp-content\/uploads\/Fotografie-Fluere-2023_05_0342887_LR-225x300.png 225w, https:\/\/case-fluere.mpbr.dev\/wp-content\/uploads\/Fotografie-Fluere-2023_05_0342887_LR-768x1025.png 768w, https:\/\/case-fluere.mpbr.dev\/wp-content\/uploads\/Fotografie-Fluere-2023_05_0342887_LR-1151x1536.png 1151w, https:\/\/case-fluere.mpbr.dev\/wp-content\/uploads\/Fotografie-Fluere-2023_05_0342887_LR-1534x2048.png 1534w, https:\/\/case-fluere.mpbr.dev\/wp-content\/uploads\/Fotografie-Fluere-2023_05_0342887_LR.png 1918w\" sizes=\"(max-width: 767px) 100vw, 767px\" \/>\t\t\t\t\t\t\t\t\t\t\t\t\t\t\t<\/div>\n\t\t\t\t<\/div>\n\t\t\t\t<\/div>\n\t\t\t\t<\/div>\n\t\t<div class=\"elementor-element elementor-element-d9dd509 e-con-full e-flex e-con e-child\" data-id=\"d9dd509\" data-element_type=\"container\" data-e-type=\"container\">\n\t\t<div class=\"elementor-element elementor-element-aedbdf2 e-con-full e-flex elementor-invisible e-con e-child\" data-id=\"aedbdf2\" data-element_type=\"container\" data-e-type=\"container\" data-settings=\"{&quot;animation&quot;:&quot;fadeInLeft&quot;,&quot;animation_delay&quot;:150}\">\n\t\t\t\t<div class=\"elementor-element elementor-element-3430dad elementor-widget elementor-widget-image\" data-id=\"3430dad\" data-element_type=\"widget\" data-e-type=\"widget\" data-widget_type=\"image.default\">\n\t\t\t\t<div class=\"elementor-widget-container\">\n\t\t\t\t\t\t\t\t\t\t\t\t\t\t\t<img loading=\"lazy\" decoding=\"async\" width=\"767\" height=\"1024\" src=\"https:\/\/case-fluere.mpbr.dev\/wp-content\/uploads\/Fluere-raspberry-lower-res-767x1024.png\" class=\"attachment-large size-large wp-image-2914\" alt=\"\" srcset=\"https:\/\/case-fluere.mpbr.dev\/wp-content\/uploads\/Fluere-raspberry-lower-res-767x1024.png 767w, https:\/\/case-fluere.mpbr.dev\/wp-content\/uploads\/Fluere-raspberry-lower-res-225x300.png 225w, https:\/\/case-fluere.mpbr.dev\/wp-content\/uploads\/Fluere-raspberry-lower-res-768x1025.png 768w, https:\/\/case-fluere.mpbr.dev\/wp-content\/uploads\/Fluere-raspberry-lower-res-1151x1536.png 1151w, https:\/\/case-fluere.mpbr.dev\/wp-content\/uploads\/Fluere-raspberry-lower-res-1534x2048.png 1534w, https:\/\/case-fluere.mpbr.dev\/wp-content\/uploads\/Fluere-raspberry-lower-res.png 1918w\" sizes=\"(max-width: 767px) 100vw, 767px\" \/>\t\t\t\t\t\t\t\t\t\t\t\t\t\t\t<\/div>\n\t\t\t\t<\/div>\n\t\t\t\t<\/div>\n\t\t<div class=\"elementor-element elementor-element-1ef29d7 e-con-full e-flex e-con e-child\" data-id=\"1ef29d7\" data-element_type=\"container\" data-e-type=\"container\">\n\t\t\t\t<div class=\"elementor-element elementor-element-2c4ef1d elementor-widget elementor-widget-heading\" data-id=\"2c4ef1d\" data-element_type=\"widget\" data-e-type=\"widget\" data-widget_type=\"heading.default\">\n\t\t\t\t<div class=\"elementor-widget-container\">\n\t\t\t\t\t<h2 class=\"elementor-heading-title elementor-size-default\">Flu\u00e8re Raspberry Blend<\/h2>\t\t\t\t<\/div>\n\t\t\t\t<\/div>\n\t\t\t\t<div class=\"elementor-element elementor-element-cc87e5f elementor-widget elementor-widget-heading\" data-id=\"cc87e5f\" data-element_type=\"widget\" data-e-type=\"widget\" data-widget_type=\"heading.default\">\n\t\t\t\t<div class=\"elementor-widget-container\">\n\t\t\t\t\t<span class=\"elementor-heading-title elementor-size-default\">tasting notes: <br>\nFresh | Fruity | Smooth<\/span>\t\t\t\t<\/div>\n\t\t\t\t<\/div>\n\t\t\t\t<div class=\"elementor-element elementor-element-f24b882 elementor-widget elementor-widget-button\" data-id=\"f24b882\" data-element_type=\"widget\" data-e-type=\"widget\" data-widget_type=\"button.default\">\n\t\t\t\t<div class=\"elementor-widget-container\">\n\t\t\t\t\t\t\t\t\t<div class=\"elementor-button-wrapper\">\n\t\t\t\t\t<a class=\"elementor-button elementor-button-link elementor-size-sm\" href=\"https:\/\/case-fluere.mpbr.dev\/nl\/products\/raspberry-blend\/\">\n\t\t\t\t\t\t<span class=\"elementor-button-content-wrapper\">\n\t\t\t\t\t\t<span class=\"elementor-button-icon\">\n\t\t\t\t<svg xmlns=\"http:\/\/www.w3.org\/2000\/svg\" width=\"30\" height=\"30\" viewBox=\"0 0 30 30\" fill=\"none\"><path d=\"M11.25 22.5L18.75 15L11.25 7.5\" stroke=\"white\" stroke-width=\"2\" stroke-linecap=\"round\" stroke-linejoin=\"round\"><\/path><\/svg>\t\t\t<\/span>\n\t\t\t\t\t\t\t\t\t<span class=\"elementor-button-text\">Explore product<\/span>\n\t\t\t\t\t<\/span>\n\t\t\t\t\t<\/a>\n\t\t\t\t<\/div>\n\t\t\t\t\t\t\t\t<\/div>\n\t\t\t\t<\/div>\n\t\t\t\t<\/div>\n\t\t\t\t<\/div>\n\t\t<div class=\"elementor-element elementor-element-df926d9 e-con-full e-flex e-con e-child\" data-id=\"df926d9\" data-element_type=\"container\" data-e-type=\"container\">\n\t\t<div class=\"elementor-element elementor-element-a407154 e-con-full e-flex e-con e-child\" data-id=\"a407154\" data-element_type=\"container\" data-e-type=\"container\">\n\t\t\t\t<div class=\"elementor-element elementor-element-132f1fb elementor-widget elementor-widget-heading\" data-id=\"132f1fb\" data-element_type=\"widget\" data-e-type=\"widget\" data-widget_type=\"heading.default\">\n\t\t\t\t<div class=\"elementor-widget-container\">\n\t\t\t\t\t<h2 class=\"elementor-heading-title elementor-size-default\">Flu\u00e8re Botanical blend<\/h2>\t\t\t\t<\/div>\n\t\t\t\t<\/div>\n\t\t\t\t<div class=\"elementor-element elementor-element-a2d3f88 elementor-widget elementor-widget-heading\" data-id=\"a2d3f88\" data-element_type=\"widget\" data-e-type=\"widget\" data-widget_type=\"heading.default\">\n\t\t\t\t<div class=\"elementor-widget-container\">\n\t\t\t\t\t<span class=\"elementor-heading-title elementor-size-default\">tasting notes: <br>\nFloral | Crisp | Citrus<\/span>\t\t\t\t<\/div>\n\t\t\t\t<\/div>\n\t\t\t\t<div class=\"elementor-element elementor-element-5aa9864 elementor-widget elementor-widget-button\" data-id=\"5aa9864\" data-element_type=\"widget\" data-e-type=\"widget\" data-widget_type=\"button.default\">\n\t\t\t\t<div class=\"elementor-widget-container\">\n\t\t\t\t\t\t\t\t\t<div class=\"elementor-button-wrapper\">\n\t\t\t\t\t<a class=\"elementor-button elementor-button-link elementor-size-sm\" href=\"https:\/\/case-fluere.mpbr.dev\/nl\/products\/botanical-blend\/\">\n\t\t\t\t\t\t<span class=\"elementor-button-content-wrapper\">\n\t\t\t\t\t\t<span class=\"elementor-button-icon\">\n\t\t\t\t<svg xmlns=\"http:\/\/www.w3.org\/2000\/svg\" width=\"30\" height=\"30\" viewBox=\"0 0 30 30\" fill=\"none\"><path d=\"M11.25 22.5L18.75 15L11.25 7.5\" stroke=\"white\" stroke-width=\"2\" stroke-linecap=\"round\" stroke-linejoin=\"round\"><\/path><\/svg>\t\t\t<\/span>\n\t\t\t\t\t\t\t\t\t<span class=\"elementor-button-text\">Explore product<\/span>\n\t\t\t\t\t<\/span>\n\t\t\t\t\t<\/a>\n\t\t\t\t<\/div>\n\t\t\t\t\t\t\t\t<\/div>\n\t\t\t\t<\/div>\n\t\t\t\t<\/div>\n\t\t<div class=\"elementor-element elementor-element-f718325 e-con-full e-flex elementor-invisible e-con e-child\" data-id=\"f718325\" data-element_type=\"container\" data-e-type=\"container\" data-settings=\"{&quot;animation&quot;:&quot;fadeInRight&quot;}\">\n\t\t\t\t<div class=\"elementor-element elementor-element-c6b7933 elementor-widget elementor-widget-image\" data-id=\"c6b7933\" data-element_type=\"widget\" data-e-type=\"widget\" data-widget_type=\"image.default\">\n\t\t\t\t<div class=\"elementor-widget-container\">\n\t\t\t\t\t\t\t\t\t\t\t\t\t\t\t<img loading=\"lazy\" decoding=\"async\" width=\"767\" height=\"1024\" src=\"https:\/\/case-fluere.mpbr.dev\/wp-content\/uploads\/Fotografie-Fluere-2023_05_0317895_LR-767x1024.png\" class=\"attachment-large size-large wp-image-2938\" alt=\"\" srcset=\"https:\/\/case-fluere.mpbr.dev\/wp-content\/uploads\/Fotografie-Fluere-2023_05_0317895_LR-767x1024.png 767w, https:\/\/case-fluere.mpbr.dev\/wp-content\/uploads\/Fotografie-Fluere-2023_05_0317895_LR-225x300.png 225w, https:\/\/case-fluere.mpbr.dev\/wp-content\/uploads\/Fotografie-Fluere-2023_05_0317895_LR-768x1025.png 768w, https:\/\/case-fluere.mpbr.dev\/wp-content\/uploads\/Fotografie-Fluere-2023_05_0317895_LR-1151x1536.png 1151w, https:\/\/case-fluere.mpbr.dev\/wp-content\/uploads\/Fotografie-Fluere-2023_05_0317895_LR-1535x2048.png 1535w, https:\/\/case-fluere.mpbr.dev\/wp-content\/uploads\/Fotografie-Fluere-2023_05_0317895_LR-scaled.png 1918w\" sizes=\"(max-width: 767px) 100vw, 767px\" \/>\t\t\t\t\t\t\t\t\t\t\t\t\t\t\t<\/div>\n\t\t\t\t<\/div>\n\t\t\t\t<\/div>\n\t\t\t\t<\/div>\n\t\t\t\t<\/div>\n\t\t\t\t\t<\/div>\n\t\t\t\t<\/div>\n\t\t\t\t<\/div>\n\t\t","protected":false},"excerpt":{"rendered":"<p>The complete Flu\u00e8re range Flu\u00e8re Smoked Agave tasting notes: Roasted | Smoky | Earthy Explore product Flu\u00e8re bitter Tasting notes:Zesty | Bitter Sweet | Herbal Explore product Flu\u00e8re Spiced CAne tasting notes: Rich | Robust | Complex Explore product Flu\u00e8re Raspberry Blend tasting notes: Fresh | Fruity | Smooth Explore product Flu\u00e8re Botanical blend tasting [&hellip;]<\/p>\n","protected":false},"author":3,"featured_media":0,"parent":0,"menu_order":0,"comment_status":"closed","ping_status":"closed","template":"","meta":{"footnotes":""},"class_list":["post-3378","page","type-page","status-publish","hentry"],"_links":{"self":[{"href":"https:\/\/case-fluere.mpbr.dev\/nl\/wp-json\/wp\/v2\/pages\/3378","targetHints":{"allow":["GET"]}}],"collection":[{"href":"https:\/\/case-fluere.mpbr.dev\/nl\/wp-json\/wp\/v2\/pages"}],"about":[{"href":"https:\/\/case-fluere.mpbr.dev\/nl\/wp-json\/wp\/v2\/types\/page"}],"author":[{"embeddable":true,"href":"https:\/\/case-fluere.mpbr.dev\/nl\/wp-json\/wp\/v2\/users\/3"}],"replies":[{"embeddable":true,"href":"https:\/\/case-fluere.mpbr.dev\/nl\/wp-json\/wp\/v2\/comments?post=3378"}],"version-history":[{"count":0,"href":"https:\/\/case-fluere.mpbr.dev\/nl\/wp-json\/wp\/v2\/pages\/3378\/revisions"}],"wp:attachment":[{"href":"https:\/\/case-fluere.mpbr.dev\/nl\/wp-json\/wp\/v2\/media?parent=3378"}],"curies":[{"name":"wp","href":"https:\/\/api.w.org\/{rel}","templated":true}]}}